{"id":384,"date":"2025-06-12T14:36:02","date_gmt":"2025-06-12T14:36:02","guid":{"rendered":"https:\/\/andradefontaneria.es\/?page_id=384"},"modified":"2025-06-12T14:59:38","modified_gmt":"2025-06-12T14:59:38","slug":"aviso-legal","status":"publish","type":"page","link":"https:\/\/andradefontaneria.es\/index.php\/aviso-legal\/","title":{"rendered":"Aviso Legal"},"content":{"rendered":"\t\t<div data-elementor-type=\"wp-page\" data-elementor-id=\"384\" class=\"elementor elementor-384\" data-elementor-post-type=\"page\">\n\t\t\t\t<div class=\"elementor-element elementor-element-f02524a e-flex e-con-boxed e-con e-parent\" data-id=\"f02524a\" data-element_type=\"container\">\n\t\t\t\t\t<div class=\"e-con-inner\">\n\t\t\t\t<div class=\"elementor-element elementor-element-6c31887 elementor-widget elementor-widget-text-editor\" data-id=\"6c31887\" data-element_type=\"widget\" data-widget_type=\"text-editor.default\">\n\t\t\t\t<div class=\"elementor-widget-container\">\n\t\t\t\t\t\t\t\t\t<p style=\"text-align: center;\"><b>1. Titularidad de la P\u00e1gina Web<\/b><\/p>\t\t\t\t\t\t\t\t<\/div>\n\t\t\t\t<\/div>\n\t\t\t\t<div class=\"elementor-element elementor-element-9d854b8 elementor-widget elementor-widget-text-editor\" data-id=\"9d854b8\" data-element_type=\"widget\" data-widget_type=\"text-editor.default\">\n\t\t\t\t<div class=\"elementor-widget-container\">\n\t\t\t\t\t\t\t\t\t<p>De acuerdo con el art\u00edculo 10 de la Ley 34\/2002, de 11 de julio, de Servicios de la Sociedad de la Informaci\u00f3n y del Comercio Electr\u00f3nico se informa al usuario que la p\u00e1gina web es titularidad de Fontaneria y Calefacci\u00f3n Andrade sl con CIF B95851762 domicilio en San Roque 14 bjo (48200) Durango Bizkaia, inscrita en el Registro Mercantil de________________ Tomo_______Folio________Hoja______Inscripci\u00f3n__________en adelante de la persona responsable.<br \/>La presente informaci\u00f3n conforma y regula las condiciones de uso , las limitaciones de responsabilidad y las obligaciones que los usuarios\/as de la p\u00e1gina web asumen y se comprometen a respetar .<\/p>\t\t\t\t\t\t\t\t<\/div>\n\t\t\t\t<\/div>\n\t\t\t\t\t<\/div>\n\t\t\t\t<\/div>\n\t\t<div class=\"elementor-element elementor-element-bc8d01a e-flex e-con-boxed e-con e-parent\" data-id=\"bc8d01a\" data-element_type=\"container\">\n\t\t\t\t\t<div class=\"e-con-inner\">\n\t\t\t\t<div class=\"elementor-element elementor-element-dd33352 elementor-widget elementor-widget-text-editor\" data-id=\"dd33352\" data-element_type=\"widget\" data-widget_type=\"text-editor.default\">\n\t\t\t\t<div class=\"elementor-widget-container\">\n\t\t\t\t\t\t\t\t\t<p style=\"text-align: center;\"><strong>2. T\u00e9rminos y condiciones de uso<\/strong><\/p>\t\t\t\t\t\t\t\t<\/div>\n\t\t\t\t<\/div>\n\t\t\t\t<div class=\"elementor-element elementor-element-3fc316b elementor-widget elementor-widget-text-editor\" data-id=\"3fc316b\" data-element_type=\"widget\" data-widget_type=\"text-editor.default\">\n\t\t\t\t<div class=\"elementor-widget-container\">\n\t\t\t\t\t\t\t\t\t<p>El acceso a esta p\u00e1gina web atribuye la condici\u00f3n de la persona usuaria, quien accede voluntariamente a este sitio web. El acceso y navegaci\u00f3n en este sitio web implica aceptar y conocer las advertencias legales, condiciones y t\u00e9rminos de uso contenidos en dicho sitio web. El mero acceso no implica el establecimiento de ning\u00fan tipo de relaci\u00f3n comercial entre la persona usuaria\u00a0 y el titular de la web. La informaci\u00f3n suministrada en la p\u00e1gina web tiene como finalidad facilitar el conocimiento por parte de las personas usuarias\u00a0 de las actividades y de los servicios que presta la persona responsable quien se reserva el derecho de efectuar, en cualquier momento cuantas modificaciones, variaciones, supresi\u00f3n o cancelaciones de los contenidos y en la forma de presentaci\u00f3n de los mismos que considere necesaria para la prestaci\u00f3n de los servicios. Esta facultad no otorga a los usuarios\/as ning\u00fan derecho a percibir\u00a0 indemnizaci\u00f3n por da\u00f1os y perjuicios, por lo que se recomienda a la persona usuaria que lea este Aviso Legal tantas veces como acceda a la web. La presente informaci\u00f3n conforma y regula las condiciones de uso , las limitaciones de responsabilidad y las obligaciones que las personas usuarias de la p\u00e1gina web asumen y se comprometen a respetar .<\/p>\t\t\t\t\t\t\t\t<\/div>\n\t\t\t\t<\/div>\n\t\t\t\t\t<\/div>\n\t\t\t\t<\/div>\n\t\t<div class=\"elementor-element elementor-element-c0fbc25 e-flex e-con-boxed e-con e-parent\" data-id=\"c0fbc25\" data-element_type=\"container\">\n\t\t\t\t\t<div class=\"e-con-inner\">\n\t\t\t\t<div class=\"elementor-element elementor-element-86a3d92 elementor-widget elementor-widget-text-editor\" data-id=\"86a3d92\" data-element_type=\"widget\" data-widget_type=\"text-editor.default\">\n\t\t\t\t<div class=\"elementor-widget-container\">\n\t\t\t\t\t\t\t\t\t<p style=\"text-align: center;\"><strong>3. Uso indebido<\/strong><\/p>\t\t\t\t\t\t\t\t<\/div>\n\t\t\t\t<\/div>\n\t\t\t\t<div class=\"elementor-element elementor-element-0676ac8 elementor-widget elementor-widget-text-editor\" data-id=\"0676ac8\" data-element_type=\"widget\" data-widget_type=\"text-editor.default\">\n\t\t\t\t<div class=\"elementor-widget-container\">\n\t\t\t\t\t\t\t\t\t<p>La persona usuaria\u00a0 asume la responsabilidad del uso del portal, comprometi\u00e9ndose a realizar un buen uso de la p\u00e1gina web y aportar informaci\u00f3n veraz y l\u00edcita, no permiti\u00e9ndose conductas que vayan contra la ley, los derechos o intereses de terceros. La utilizaci\u00f3n de ciertos servicios o solicitudes a la persona responsable\u00a0 estar\u00e1n condicionadas a la previa cumplimentaci\u00f3n del correspondiente formulario de recogida de datos. A estos efectos, a la persona usuaria ser\u00e1 responsable de la informaci\u00f3n falsa o inexacta que pudiera realizar o comunicar y de los perjuicios que cause a la persona responsable se reserva el derecho a denegar o retirar el acceso a la web a aquellas\u00a0 personas usuarias que incumplen las condiciones y obligaciones de la presente p\u00e1gina web, la prestaci\u00f3n de los servicios. Esta facultad no otorga a las personas usuarias ning\u00fan derecho a percibir\u00a0 indemnizaci\u00f3n por da\u00f1os y perjuicios, por lo que se recomienda a la persona usuaria que lea este Aviso Legal tantas veces como acceda a la web. La presente informaci\u00f3n conforma y regula las condiciones de uso , las limitaciones de responsabilidad y las obligaciones que los usuarios\/as de la p\u00e1gina web asumen y se comprometen a respetar .<\/p>\t\t\t\t\t\t\t\t<\/div>\n\t\t\t\t<\/div>\n\t\t\t\t\t<\/div>\n\t\t\t\t<\/div>\n\t\t<div class=\"elementor-element elementor-element-0a16ad1 e-flex e-con-boxed e-con e-parent\" data-id=\"0a16ad1\" data-element_type=\"container\">\n\t\t\t\t\t<div class=\"e-con-inner\">\n\t\t\t\t<div class=\"elementor-element elementor-element-af80b04 elementor-widget elementor-widget-text-editor\" data-id=\"af80b04\" data-element_type=\"widget\" data-widget_type=\"text-editor.default\">\n\t\t\t\t<div class=\"elementor-widget-container\">\n\t\t\t\t\t\t\t\t\t<p style=\"text-align: center;\"><strong>4. Exclusi\u00f3n de garant\u00edas y responsabilidad<\/strong><\/p>\t\t\t\t\t\t\t\t<\/div>\n\t\t\t\t<\/div>\n\t\t\t\t<div class=\"elementor-element elementor-element-75b62fa elementor-widget elementor-widget-text-editor\" data-id=\"75b62fa\" data-element_type=\"widget\" data-widget_type=\"text-editor.default\">\n\t\t\t\t<div class=\"elementor-widget-container\">\n\t\t\t\t\t\t\t\t\t<p>La persona responsable no se responsabiliza del mal uso que se realice de los contenidos de la p\u00e1gina web, y no se hace responsable en ning\u00fan caso, de los da\u00f1os y perjuicios de cualquier naturaleza que pudiera ocasionar el funcionamiento de la p\u00e1gina web y\/o sus servicios ni garantizar la utilidad de la p\u00e1gina web, ni que la persona usuaria pueda utilizar en todo momento la web o los servicios que se ofrezcan. La persona responsable no puede garantizar la fiabilidad, veracidad, exhaustividad y actualidad de los contenidos y, por tanto queda excluida cualquier tipo de responsabilidad que pudiera derivarse por los da\u00f1os causados, directa o indirectamente, por la informaci\u00f3n a la que se acceda por medio de la web. No obstante, la persona responsable declara que ha adoptado todas las medidas necesarias, dentro de sus posibilidades y del estado de la tecnolog\u00eda, para garantizar el funcionamiento de la p\u00e1gina web y evitar la existencia y transmisi\u00f3n de virus y dem\u00e1s componentes da\u00f1inos a las personas usuarias.<\/p>\t\t\t\t\t\t\t\t<\/div>\n\t\t\t\t<\/div>\n\t\t\t\t\t<\/div>\n\t\t\t\t<\/div>\n\t\t<div class=\"elementor-element elementor-element-533a64d e-flex e-con-boxed e-con e-parent\" data-id=\"533a64d\" data-element_type=\"container\">\n\t\t\t\t\t<div class=\"e-con-inner\">\n\t\t\t\t<div class=\"elementor-element elementor-element-5384b1f elementor-widget elementor-widget-text-editor\" data-id=\"5384b1f\" data-element_type=\"widget\" data-widget_type=\"text-editor.default\">\n\t\t\t\t<div class=\"elementor-widget-container\">\n\t\t\t\t\t\t\t\t\t<p style=\"text-align: center;\"><strong>5. Enlaces<\/strong><\/p>\t\t\t\t\t\t\t\t<\/div>\n\t\t\t\t<\/div>\n\t\t\t\t<div class=\"elementor-element elementor-element-1040c79 elementor-widget elementor-widget-text-editor\" data-id=\"1040c79\" data-element_type=\"widget\" data-widget_type=\"text-editor.default\">\n\t\t\t\t<div class=\"elementor-widget-container\">\n\t\t\t\t\t\t\t\t\t<p>En el caso de que en en el sitio web se dispusiesen enlaces o hiperv\u00ednculos hac\u00eda otros sitios de Internet. La p\u00e1gina web en la que se establezca el hiperenlace no contendr\u00e1 informaciones o contenidos il\u00edcitos, contrarios a la moral o buenas costumbres.<\/p>\n<p>No se realizar\u00e1n manifestaciones o indicaciones falsas, inexactas u ofensivas sobre directivos\/as,&nbsp;<span style=\"font-style: inherit; font-weight: inherit;\">empleados\/as, colaboradores\/as o de las personas que se relacionen en la p\u00e1gina por cualquier motivo , o&nbsp;<\/span><span style=\"font-style: inherit; font-weight: inherit;\">de las personas usuarias de la p\u00e1gina, o de los contenidos suministrados.<\/span><\/p>\t\t\t\t\t\t\t\t<\/div>\n\t\t\t\t<\/div>\n\t\t\t\t\t<\/div>\n\t\t\t\t<\/div>\n\t\t<div class=\"elementor-element elementor-element-494166a e-flex e-con-boxed e-con e-parent\" data-id=\"494166a\" data-element_type=\"container\">\n\t\t\t\t\t<div class=\"e-con-inner\">\n\t\t\t\t<div class=\"elementor-element elementor-element-91f5136 elementor-widget elementor-widget-text-editor\" data-id=\"91f5136\" data-element_type=\"widget\" data-widget_type=\"text-editor.default\">\n\t\t\t\t<div class=\"elementor-widget-container\">\n\t\t\t\t\t\t\t\t\t<p style=\"text-align: center;\"><strong>6. Propiedad intelectual e industrial<\/strong><\/p>\t\t\t\t\t\t\t\t<\/div>\n\t\t\t\t<\/div>\n\t\t\t\t<div class=\"elementor-element elementor-element-76269ce elementor-widget elementor-widget-text-editor\" data-id=\"76269ce\" data-element_type=\"widget\" data-widget_type=\"text-editor.default\">\n\t\t\t\t<div class=\"elementor-widget-container\">\n\t\t\t\t\t\t\t\t\t<p>El Copyright, dise\u00f1o y creaci\u00f3n de la p\u00e1gina web es titularidad de la persona responsable. El acceso gratuito no implica otros derechos o licencias para reproducci\u00f3n y\/o distribuci\u00f3n sin la previa autorizaci\u00f3n expresa del propietario, por lo que, de conformidad con lo dispuesto en los art\u00edculos 8 y 32.1, p\u00e1rrafo segundo, de la Ley de Propiedad Intelectual, quedan expresamente prohibidas la reproducci\u00f3n,<br \/>distribuci\u00f3n y comunicaci\u00f3n p\u00fablica de la totalidad o parte de los contenidos de esta p\u00e1gina web, con fines comerciales, en cualquier soporte y por cualquier medio t\u00e9cnico sin previa autorizaci\u00f3n, comprometi\u00e9ndose la persona usuaria en respetar los derechos de Propiedad Intelectual e Industrial.<br \/>Las marcas, logotipos, dise\u00f1os, contenidos, programas u objetos similares que forman parte de esta p\u00e1gina web, est\u00e1n protegidos por leyes de propiedad industrial e intelectual. La reproducci\u00f3n, distribuci\u00f3n, manipulaci\u00f3n o desensamblaje no autorizado de los c\u00f3digos fuente, de los algoritmos incorporados o de la base datos, ya sea total o parcial, dar\u00e1 lugar a graves penalizaciones tanto civiles como penales y ser\u00e1 objeto de cuantas acciones judiciales correspondan en Derecho.<\/p>\t\t\t\t\t\t\t\t<\/div>\n\t\t\t\t<\/div>\n\t\t\t\t\t<\/div>\n\t\t\t\t<\/div>\n\t\t<div class=\"elementor-element elementor-element-25e43fe e-flex e-con-boxed e-con e-parent\" data-id=\"25e43fe\" data-element_type=\"container\">\n\t\t\t\t\t<div class=\"e-con-inner\">\n\t\t\t\t<div class=\"elementor-element elementor-element-b8de837 elementor-widget elementor-widget-text-editor\" data-id=\"b8de837\" data-element_type=\"widget\" data-widget_type=\"text-editor.default\">\n\t\t\t\t<div class=\"elementor-widget-container\">\n\t\t\t\t\t\t\t\t\t<p style=\"text-align: center;\"><strong>7. Pol\u00edtica de privacidad y protecci\u00f3n de datos<\/strong><\/p>\t\t\t\t\t\t\t\t<\/div>\n\t\t\t\t<\/div>\n\t\t\t\t<div class=\"elementor-element elementor-element-481827a elementor-widget elementor-widget-text-editor\" data-id=\"481827a\" data-element_type=\"widget\" data-widget_type=\"text-editor.default\">\n\t\t\t\t<div class=\"elementor-widget-container\">\n\t\t\t\t\t\t\t\t\t<p>En virtud de lo dispuesto en el Reglamento General de Protecci\u00f3n de Datos (RGPD), Reglamento UE 2016\/679 y LOPD GDD 3\/2018, relativo a la protecci\u00f3n de las personas f\u00edsicas en lo que respecta al tratamiento de datos personales y a la libre circulaci\u00f3n de los mismos, se informa a la persona usuaria que todos los datos que proporcione ser\u00e1n incorporados a un Registro de Actividades, creado y mantenido bajo la responsabilidad de la persona responsable con el fin de gestionar el env\u00edo de la informaci\u00f3n que soliciten, facilitar al interesado\/a ofertas de productos y servicios de su inter\u00e9s y mejorar su experiencia de usuario. No se tomar\u00e1n decisiones automatizadas ni elaboraci\u00f3n de perfiles en base a los datos aportados. Los datos personales proporcionados se conservar\u00e1n mientras se mantenga la relaci\u00f3n mercantil, en su caso, y no se solicite su supresi\u00f3n por la persona interesado\/a.<\/p><p>Para ello, la persona responsable solicitar\u00e1 el consentimiento de la persona interesado\/a a trav\u00e9s del formulario de recogida de datos para el tratamiento de los mismos , estando la persona usuaria legitimado para retirar dicho consentimiento en cualquier momento, as\u00ed como a ejercer sus derechos de acceso, rectificaci\u00f3n, portabilidad, , limitaci\u00f3n, supresi\u00f3n, oposici\u00f3n de sus datos, y a presentar una reclamaci\u00f3n ante la autoridad de control , si considera que el tratamiento no se ajusta a la normativa vigente. Los contenidos de la p\u00e1gina web est\u00e1n dirigidos a personas mayores de edad, la persona responsable no pretende obtener datos de personas menores de edad, y cuando tenga conocimiento de que existen en su fichero datos de car\u00e1cter personal de un menor, proceder\u00e1 de inmediato a cancelar dichos datos.<\/p>\t\t\t\t\t\t\t\t<\/div>\n\t\t\t\t<\/div>\n\t\t\t\t\t<\/div>\n\t\t\t\t<\/div>\n\t\t<div class=\"elementor-element elementor-element-20f8c21 e-flex e-con-boxed e-con e-parent\" data-id=\"20f8c21\" data-element_type=\"container\">\n\t\t\t\t\t<div class=\"e-con-inner\">\n\t\t\t\t<div class=\"elementor-element elementor-element-168940a elementor-widget elementor-widget-text-editor\" data-id=\"168940a\" data-element_type=\"widget\" data-widget_type=\"text-editor.default\">\n\t\t\t\t<div class=\"elementor-widget-container\">\n\t\t\t\t\t\t\t\t\t<p style=\"text-align: center;\"><strong>8. Legislaci\u00f3n aplicable y jurisdicci\u00f3n<\/strong><\/p>\t\t\t\t\t\t\t\t<\/div>\n\t\t\t\t<\/div>\n\t\t\t\t<div class=\"elementor-element elementor-element-45ea02e elementor-widget elementor-widget-text-editor\" data-id=\"45ea02e\" data-element_type=\"widget\" data-widget_type=\"text-editor.default\">\n\t\t\t\t<div class=\"elementor-widget-container\">\n\t\t\t\t\t\t\t\t\t<p>La relaci\u00f3n con la persona usuaria se regir\u00e1 por la normativa espa\u00f1ola vigente y cualquier controversia se someter\u00e1 a los Juzgado y tribunales que correspondan en Espa\u00f1a y salvo que la legislaci\u00f3n aplicable determine de forma imperativa otro fuero o legislaci\u00f3n distinta.<\/p>\t\t\t\t\t\t\t\t<\/div>\n\t\t\t\t<\/div>\n\t\t\t\t\t<\/div>\n\t\t\t\t<\/div>\n\t\t\t\t<\/div>\n\t\t","protected":false},"excerpt":{"rendered":"<p>1. Titularidad de la P\u00e1gina Web De acuerdo con el art\u00edculo 10 de la Ley 34\/2002, de 11 de julio, [&hellip;]<\/p>\n","protected":false},"author":1,"featured_media":0,"parent":0,"menu_order":0,"comment_status":"closed","ping_status":"closed","template":"","meta":{"site-sidebar-layout":"no-sidebar","site-content-layout":"","ast-site-content-layout":"full-width-container","site-content-style":"default","site-sidebar-style":"default","ast-global-header-display":"","ast-banner-title-visibility":"","ast-main-header-display":"","ast-hfb-above-header-display":"","ast-hfb-below-header-display":"","ast-hfb-mobile-header-display":"","site-post-title":"disabled","ast-breadcrumbs-content":"","ast-featured-img":"disabled","footer-sml-layout":"","theme-transparent-header-meta":"","adv-header-id-meta":"","stick-header-meta":"","header-above-stick-meta":"","header-main-stick-meta":"","header-below-stick-meta":"","astra-migrate-meta-layouts":"default","ast-page-background-enabled":"default","ast-page-background-meta":{"desktop":{"background-color":"var(--ast-global-color-4)","background-image":"","background-repeat":"repeat","background-position":"center center","background-size":"auto","background-attachment":"scroll","background-type":"","background-media":"","overlay-type":"","overlay-color":"","overlay-opacity":"","overlay-gradient":""},"tablet":{"background-color":"","background-image":"","background-repeat":"repeat","background-position":"center center","background-size":"auto","background-attachment":"scroll","background-type":"","background-media":"","overlay-type":"","overlay-color":"","overlay-opacity":"","overlay-gradient":""},"mobile":{"background-color":"","background-image":"","background-repeat":"repeat","background-position":"center center","background-size":"auto","background-attachment":"scroll","background-type":"","background-media":"","overlay-type":"","overlay-color":"","overlay-opacity":"","overlay-gradient":""}},"ast-content-background-meta":{"desktop":{"background-color":"var(--ast-global-color-5)","background-image":"","background-repeat":"repeat","background-position":"center center","background-size":"auto","background-attachment":"scroll","background-type":"","background-media":"","overlay-type":"","overlay-color":"","overlay-opacity":"","overlay-gradient":""},"tablet":{"background-color":"var(--ast-global-color-5)","background-image":"","background-repeat":"repeat","background-position":"center center","background-size":"auto","background-attachment":"scroll","background-type":"","background-media":"","overlay-type":"","overlay-color":"","overlay-opacity":"","overlay-gradient":""},"mobile":{"background-color":"var(--ast-global-color-5)","background-image":"","background-repeat":"repeat","background-position":"center center","background-size":"auto","background-attachment":"scroll","background-type":"","background-media":"","overlay-type":"","overlay-color":"","overlay-opacity":"","overlay-gradient":""}},"footnotes":""},"class_list":["post-384","page","type-page","status-publish","hentry"],"_links":{"self":[{"href":"https:\/\/andradefontaneria.es\/index.php\/wp-json\/wp\/v2\/pages\/384","targetHints":{"allow":["GET"]}}],"collection":[{"href":"https:\/\/andradefontaneria.es\/index.php\/wp-json\/wp\/v2\/pages"}],"about":[{"href":"https:\/\/andradefontaneria.es\/index.php\/wp-json\/wp\/v2\/types\/page"}],"author":[{"embeddable":true,"href":"https:\/\/andradefontaneria.es\/index.php\/wp-json\/wp\/v2\/users\/1"}],"replies":[{"embeddable":true,"href":"https:\/\/andradefontaneria.es\/index.php\/wp-json\/wp\/v2\/comments?post=384"}],"version-history":[{"count":19,"href":"https:\/\/andradefontaneria.es\/index.php\/wp-json\/wp\/v2\/pages\/384\/revisions"}],"predecessor-version":[{"id":407,"href":"https:\/\/andradefontaneria.es\/index.php\/wp-json\/wp\/v2\/pages\/384\/revisions\/407"}],"wp:attachment":[{"href":"https:\/\/andradefontaneria.es\/index.php\/wp-json\/wp\/v2\/media?parent=384"}],"curies":[{"name":"wp","href":"https:\/\/api.w.org\/{rel}","templated":true}]}}