{"id":370,"date":"2025-06-12T14:13:49","date_gmt":"2025-06-12T14:13:49","guid":{"rendered":"https:\/\/andradefontaneria.es\/?page_id=370"},"modified":"2025-06-12T14:31:41","modified_gmt":"2025-06-12T14:31:41","slug":"politica-de-privacidad","status":"publish","type":"page","link":"https:\/\/andradefontaneria.es\/index.php\/politica-de-privacidad\/","title":{"rendered":"Pol\u00edtica de privacidad"},"content":{"rendered":"\t\t<div data-elementor-type=\"wp-page\" data-elementor-id=\"370\" class=\"elementor elementor-370\" data-elementor-post-type=\"page\">\n\t\t\t\t<div class=\"elementor-element elementor-element-05fb7fa e-flex e-con-boxed e-con e-parent\" data-id=\"05fb7fa\" data-element_type=\"container\">\n\t\t\t\t\t<div class=\"e-con-inner\">\n\t\t\t\t<div class=\"elementor-element elementor-element-a54436a elementor-widget elementor-widget-heading\" data-id=\"a54436a\" data-element_type=\"widget\" data-widget_type=\"heading.default\">\n\t\t\t\t<div class=\"elementor-widget-container\">\n\t\t\t\t\t<h2 class=\"elementor-heading-title elementor-size-default\">RESPONSABLE DEL TRATAMIENTO<\/h2>\t\t\t\t<\/div>\n\t\t\t\t<\/div>\n\t\t\t\t\t<\/div>\n\t\t\t\t<\/div>\n\t\t<div class=\"elementor-element elementor-element-63bd9f6 e-flex e-con-boxed e-con e-parent\" data-id=\"63bd9f6\" data-element_type=\"container\">\n\t\t\t\t\t<div class=\"e-con-inner\">\n\t\t\t\t<div class=\"elementor-element elementor-element-a51a8db elementor-widget elementor-widget-text-editor\" data-id=\"a51a8db\" data-element_type=\"widget\" data-widget_type=\"text-editor.default\">\n\t\t\t\t<div class=\"elementor-widget-container\">\n\t\t\t\t\t\t\t\t\t<p>Raz\u00f3n social: <strong>Fontaneria y Calefacci\u00f3n Andrade sl<\/strong><br \/>en adelante: <strong>Responsable del Tratamiento<\/strong><br \/>CIF\/DNI: <strong>B95851762<\/strong><br \/>Direcci\u00f3n: <strong>San Roque 14 (48200) Durango<\/strong><br \/><strong>Bizkaia<\/strong><br \/>Mail: font.andrade@gotmail.com<\/p>\t\t\t\t\t\t\t\t<\/div>\n\t\t\t\t<\/div>\n\t\t\t\t\t<\/div>\n\t\t\t\t<\/div>\n\t\t<div class=\"elementor-element elementor-element-9062e21 e-flex e-con-boxed e-con e-parent\" data-id=\"9062e21\" data-element_type=\"container\">\n\t\t\t\t\t<div class=\"e-con-inner\">\n\t\t\t\t<div class=\"elementor-element elementor-element-4de3c81 elementor-widget elementor-widget-heading\" data-id=\"4de3c81\" data-element_type=\"widget\" data-widget_type=\"heading.default\">\n\t\t\t\t<div class=\"elementor-widget-container\">\n\t\t\t\t\t<h2 class=\"elementor-heading-title elementor-size-default\">FINALIDAD<\/h2>\t\t\t\t<\/div>\n\t\t\t\t<\/div>\n\t\t\t\t\t<\/div>\n\t\t\t\t<\/div>\n\t\t<div class=\"elementor-element elementor-element-89c2ae2 e-flex e-con-boxed e-con e-parent\" data-id=\"89c2ae2\" data-element_type=\"container\">\n\t\t\t\t\t<div class=\"e-con-inner\">\n\t\t\t\t<div class=\"elementor-element elementor-element-e21501b elementor-widget elementor-widget-text-editor\" data-id=\"e21501b\" data-element_type=\"widget\" data-widget_type=\"text-editor.default\">\n\t\t\t\t<div class=\"elementor-widget-container\">\n\t\t\t\t\t\t\t\t\t<p>La persona responsable informa a los usuarios\/as del sitio web sobre su pol\u00edtica respecto del tratamiento y protecci\u00f3n de los datos de car\u00e1cter personal de los usuarios\/as y clientes\/as que puedan ser recabados por la navegaci\u00f3n o contrataci\u00f3n de servicios a trav\u00e9s de su sitio web. En este sentido, la persona\u00a0 responsable garantiza el cumplimiento de la normativa vigente en materia de protecci\u00f3n de datos personales, reflejada en el RGPD 2016\/679 y<br \/>la LOPD GDD 03\/2018. El uso de esta web implica la aceptaci\u00f3n de esta pol\u00edtica de privacidad.<\/p><p><span style=\"font-size: 1rem;\">La persona responsable\u00a0<\/span>tiene el deber de informar a los usuarios\/as de su sitio\u00a0<span style=\"font-style: inherit; font-weight: inherit;\">web acerca de la recogida de datos de car\u00e1cter personal que pueden llevarse a\u00a0<\/span><span style=\"font-style: inherit; font-weight: inherit;\">cabo y del tratamiento que de los mismos vaya a realizarse.<\/span><\/p><p>Mediante el env\u00edo de correo electr\u00f3nico o recogida de datos a trav\u00e9s de\u00a0<span style=\"font-style: inherit; font-weight: inherit;\">formularios con finalidades de registro, as\u00ed como a nivel estrictamente\u00a0<\/span><span style=\"font-style: inherit; font-weight: inherit;\">informativo.<\/span><\/p><p>En este sentido, la persona responsable de la Web ser\u00e1 considerado como\u00a0<span style=\"font-style: inherit; font-weight: inherit;\">responsable del tratamiento de los datos recabados mediante los medios\u00a0<\/span><span style=\"font-style: inherit; font-weight: inherit;\">anteriormente descritos. A su vez, la persona responsable informa a los\u00a0<\/span><span style=\"font-style: inherit; font-weight: inherit;\">usuarios\/as de que la finalidad del tratamiento de los datos recabados\u00a0<\/span><span style=\"font-style: inherit; font-weight: inherit;\">contempla:<\/span><\/p><p>La atenci\u00f3n de solicitudes realizadas por los usuarios\/as.<\/p><p>La inclusi\u00f3n en la agenda de contactos.<\/p><p>La prestaci\u00f3n de servicios y gesti\u00f3n de la relaci\u00f3n comercial.<\/p><p>Las operaciones, gestiones y procedimientos t\u00e9cnicos que se realicen de\u00a0<span style=\"font-style: inherit; font-weight: inherit;\">forma automatizada o no automatizada y que posibiliten la recogida, el\u00a0<\/span><span style=\"font-style: inherit; font-weight: inherit;\">almacenamiento, la modificaci\u00f3n, la transferencia y otras acciones sobre\u00a0<\/span><span style=\"font-style: inherit; font-weight: inherit;\">datos de car\u00e1cter personal, tienen la consideraci\u00f3n de tratamiento de datos\u00a0<\/span><span style=\"font-style: inherit; font-weight: inherit;\">personales.<\/span><\/p><p>Todos los datos personales, que sean recogidos a trav\u00e9s del sitio web de la persona responsable\u00a0<span style=\"font-style: inherit; font-weight: inherit;\">y por tanto tenga la consideraci\u00f3n de tratamiento de datos\u00a0<\/span><span style=\"font-style: inherit; font-weight: inherit;\">de car\u00e1cter personal, ser\u00e1n incorporados al Registro de Tratamientos\u00a0<\/span><span style=\"font-style: inherit; font-weight: inherit;\">titularidad de la persona responsable.<\/span><\/p><p>\u00a0<\/p>\t\t\t\t\t\t\t\t<\/div>\n\t\t\t\t<\/div>\n\t\t\t\t\t<\/div>\n\t\t\t\t<\/div>\n\t\t<div class=\"elementor-element elementor-element-30a42b2 e-flex e-con-boxed e-con e-parent\" data-id=\"30a42b2\" data-element_type=\"container\">\n\t\t\t\t\t<div class=\"e-con-inner\">\n\t\t\t\t<div class=\"elementor-element elementor-element-9e6fede elementor-widget elementor-widget-heading\" data-id=\"9e6fede\" data-element_type=\"widget\" data-widget_type=\"heading.default\">\n\t\t\t\t<div class=\"elementor-widget-container\">\n\t\t\t\t\t<h2 class=\"elementor-heading-title elementor-size-default\">LEGITIMACI\u00d3N<\/h2>\t\t\t\t<\/div>\n\t\t\t\t<\/div>\n\t\t\t\t\t<\/div>\n\t\t\t\t<\/div>\n\t\t<div class=\"elementor-element elementor-element-13facde e-flex e-con-boxed e-con e-parent\" data-id=\"13facde\" data-element_type=\"container\">\n\t\t\t\t\t<div class=\"e-con-inner\">\n\t\t\t\t<div class=\"elementor-element elementor-element-5b39053 elementor-widget elementor-widget-text-editor\" data-id=\"5b39053\" data-element_type=\"widget\" data-widget_type=\"text-editor.default\">\n\t\t\t\t<div class=\"elementor-widget-container\">\n\t\t\t\t\t\t\t\t\t<p>Se solicita el consentimiento del interesado\/a para el tratamiento de sus datos y la oferta prospectiva de productos y servicios.<\/p>\t\t\t\t\t\t\t\t<\/div>\n\t\t\t\t<\/div>\n\t\t\t\t\t<\/div>\n\t\t\t\t<\/div>\n\t\t<div class=\"elementor-element elementor-element-38d8492 e-flex e-con-boxed e-con e-parent\" data-id=\"38d8492\" data-element_type=\"container\">\n\t\t\t\t\t<div class=\"e-con-inner\">\n\t\t\t\t<div class=\"elementor-element elementor-element-939043a elementor-widget elementor-widget-heading\" data-id=\"939043a\" data-element_type=\"widget\" data-widget_type=\"heading.default\">\n\t\t\t\t<div class=\"elementor-widget-container\">\n\t\t\t\t\t<h2 class=\"elementor-heading-title elementor-size-default\">DESTINATARIOS<\/h2>\t\t\t\t<\/div>\n\t\t\t\t<\/div>\n\t\t\t\t\t<\/div>\n\t\t\t\t<\/div>\n\t\t<div class=\"elementor-element elementor-element-d91837a e-flex e-con-boxed e-con e-parent\" data-id=\"d91837a\" data-element_type=\"container\">\n\t\t\t\t\t<div class=\"e-con-inner\">\n\t\t\t\t<div class=\"elementor-element elementor-element-6c7cac4 elementor-widget elementor-widget-text-editor\" data-id=\"6c7cac4\" data-element_type=\"widget\" data-widget_type=\"text-editor.default\">\n\t\t\t\t<div class=\"elementor-widget-container\">\n\t\t\t\t\t\t\t\t\t<p>Los datos personales no se ceder\u00e1n a terceros sin el consentimiento del interesado\/a salvo obligaci\u00f3n legal.<\/p>\t\t\t\t\t\t\t\t<\/div>\n\t\t\t\t<\/div>\n\t\t\t\t\t<\/div>\n\t\t\t\t<\/div>\n\t\t<div class=\"elementor-element elementor-element-654bbba e-flex e-con-boxed e-con e-parent\" data-id=\"654bbba\" data-element_type=\"container\">\n\t\t\t\t\t<div class=\"e-con-inner\">\n\t\t\t\t<div class=\"elementor-element elementor-element-83ad098 elementor-widget elementor-widget-heading\" data-id=\"83ad098\" data-element_type=\"widget\" data-widget_type=\"heading.default\">\n\t\t\t\t<div class=\"elementor-widget-container\">\n\t\t\t\t\t<h2 class=\"elementor-heading-title elementor-size-default\">DERECHOS<\/h2>\t\t\t\t<\/div>\n\t\t\t\t<\/div>\n\t\t\t\t<div class=\"elementor-element elementor-element-3ebd388 elementor-widget elementor-widget-text-editor\" data-id=\"3ebd388\" data-element_type=\"widget\" data-widget_type=\"text-editor.default\">\n\t\t\t\t<div class=\"elementor-widget-container\">\n\t\t\t\t\t\t\t\t\t<p>Conforme al RGPD UE 2016\/679 y LOPD GDD 3\/2018<\/p>\n<p>Las personas interesadas pueden ejercer ante a la persona responsable los siguientes derechos:<\/p>\n<p>Derecho de <b>Acceso<\/b>: permite al interesado\/a conocer y obtener informaci\u00f3n&nbsp;<span style=\"font-style: inherit; font-weight: inherit;\">sobre sus datos de car\u00e1cter personal sometidos a tratamiento.<\/span><\/p>\n<p>Derecho de <b>Rectificaci\u00f3n<\/b>: permite corregir errores, modificar los datos que&nbsp;<span style=\"font-style: inherit; font-weight: inherit;\">resulten ser inexactos o incompletos y garantizar la certeza de la informaci\u00f3n&nbsp;<\/span><span style=\"font-style: inherit; font-weight: inherit;\">objeto del tratamiento.<\/span><\/p>\n<p>Derecho de <b>Supresi\u00f3n<\/b>: permite solicitar la eliminaci\u00f3n de los datos objeto de&nbsp;<span style=\"font-style: inherit; font-weight: inherit;\">tratamiento cuando ya no sean necesarios.<\/span><\/p>\n<p>Derecho de <b>Oposici\u00f3n<\/b>: derecho del interesado\/a a que no se lleve a cabo el&nbsp;<span style=\"font-style: inherit; font-weight: inherit;\">tratamiento de sus datos de car\u00e1cter personal o se cese en el mismo, salvo&nbsp;<\/span><span style=\"font-style: inherit; font-weight: inherit;\">motivos leg\u00edtimos o para el ejercicio o defensa de posibles reclamaciones, en&nbsp;<\/span><span style=\"font-style: inherit; font-weight: inherit;\">cuyo caso los mantendremos bloqueados durante el plazo correspondiente&nbsp;<\/span><span style=\"font-style: inherit; font-weight: inherit;\">mientras persistan las obligaciones legales.<\/span><\/p>\n<p>Derecho de <b>Limitaci\u00f3n<\/b>: en determinadas circunstancias, los interesados\/as&nbsp;<span style=\"font-style: inherit; font-weight: inherit;\">podr\u00e1n solicitar la limitaci\u00f3n del tratamiento de sus datos, en cuyo caso&nbsp;<\/span><span style=\"font-style: inherit; font-weight: inherit;\">\u00fanicamente se conservar\u00e1n para el ejercicio y defensa de reclamaciones.<\/span><\/p>\n<p>Derecho de <b>Portabilidad <\/b>de los datos: las personas interesadas pueden&nbsp;<span style=\"font-style: inherit; font-weight: inherit;\">solicitar recibir los datos que le incumban y que haya facilitado al<\/span><\/p>\n<p>Responsable o que , siempre que t\u00e9cnicamente sea posible, se los enviemos a&nbsp;<span style=\"font-style: inherit; font-weight: inherit;\">otro Responsable de tratamiento de su elecci\u00f3n en un formato estructurado de&nbsp;<\/span><span style=\"font-style: inherit; font-weight: inherit;\">uso com\u00fan y lectura mec\u00e1nica.<\/span><\/p>\n<p>Derecho a <b>Revocar <\/b>el consentimiento prestado inicialmente y a <b>Reclamar&nbsp;<\/b><span style=\"font-style: inherit; font-weight: inherit;\">ante la Autoridad de Control. www.aepd.es<\/span><\/p>\n<p>Para ejercer sus derechos deber\u00e1 ponerse en contacto con el Responsable en&nbsp;<span style=\"font-style: inherit; font-weight: inherit;\">la direcci\u00f3n que aparece en el primer recuadro, acompa\u00f1ado de copia&nbsp;<\/span><span style=\"font-style: inherit; font-weight: inherit;\">documento de identidad del interesado\/a.<\/span><\/p><p><span style=\"font-style: inherit; font-weight: inherit;\">Mail: font.andrade@hotmail.com<\/span><\/p>\t\t\t\t\t\t\t\t<\/div>\n\t\t\t\t<\/div>\n\t\t\t\t\t<\/div>\n\t\t\t\t<\/div>\n\t\t\t\t<\/div>\n\t\t","protected":false},"excerpt":{"rendered":"<p>RESPONSABLE DEL TRATAMIENTO Raz\u00f3n social: Fontaneria y Calefacci\u00f3n Andrade slen adelante: Responsable del TratamientoCIF\/DNI: B95851762Direcci\u00f3n: San Roque 14 (48200) DurangoBizkaiaMail: [&hellip;]<\/p>\n","protected":false},"author":1,"featured_media":0,"parent":0,"menu_order":0,"comment_status":"closed","ping_status":"closed","template":"","meta":{"site-sidebar-layout":"no-sidebar","site-content-layout":"","ast-site-content-layout":"full-width-container","site-content-style":"default","site-sidebar-style":"default","ast-global-header-display":"","ast-banner-title-visibility":"","ast-main-header-display":"","ast-hfb-above-header-display":"","ast-hfb-below-header-display":"","ast-hfb-mobile-header-display":"","site-post-title":"disabled","ast-breadcrumbs-content":"","ast-featured-img":"disabled","footer-sml-layout":"","theme-transparent-header-meta":"","adv-header-id-meta":"","stick-header-meta":"","header-above-stick-meta":"","header-main-stick-meta":"","header-below-stick-meta":"","astra-migrate-meta-layouts":"default","ast-page-background-enabled":"default","ast-page-background-meta":{"desktop":{"background-color":"var(--ast-global-color-4)","background-image":"","background-repeat":"repeat","background-position":"center center","background-size":"auto","background-attachment":"scroll","background-type":"","background-media":"","overlay-type":"","overlay-color":"","overlay-opacity":"","overlay-gradient":""},"tablet":{"background-color":"","background-image":"","background-repeat":"repeat","background-position":"center center","background-size":"auto","background-attachment":"scroll","background-type":"","background-media":"","overlay-type":"","overlay-color":"","overlay-opacity":"","overlay-gradient":""},"mobile":{"background-color":"","background-image":"","background-repeat":"repeat","background-position":"center center","background-size":"auto","background-attachment":"scroll","background-type":"","background-media":"","overlay-type":"","overlay-color":"","overlay-opacity":"","overlay-gradient":""}},"ast-content-background-meta":{"desktop":{"background-color":"var(--ast-global-color-5)","background-image":"","background-repeat":"repeat","background-position":"center center","background-size":"auto","background-attachment":"scroll","background-type":"","background-media":"","overlay-type":"","overlay-color":"","overlay-opacity":"","overlay-gradient":""},"tablet":{"background-color":"var(--ast-global-color-5)","background-image":"","background-repeat":"repeat","background-position":"center center","background-size":"auto","background-attachment":"scroll","background-type":"","background-media":"","overlay-type":"","overlay-color":"","overlay-opacity":"","overlay-gradient":""},"mobile":{"background-color":"var(--ast-global-color-5)","background-image":"","background-repeat":"repeat","background-position":"center center","background-size":"auto","background-attachment":"scroll","background-type":"","background-media":"","overlay-type":"","overlay-color":"","overlay-opacity":"","overlay-gradient":""}},"footnotes":""},"class_list":["post-370","page","type-page","status-publish","hentry"],"_links":{"self":[{"href":"https:\/\/andradefontaneria.es\/index.php\/wp-json\/wp\/v2\/pages\/370","targetHints":{"allow":["GET"]}}],"collection":[{"href":"https:\/\/andradefontaneria.es\/index.php\/wp-json\/wp\/v2\/pages"}],"about":[{"href":"https:\/\/andradefontaneria.es\/index.php\/wp-json\/wp\/v2\/types\/page"}],"author":[{"embeddable":true,"href":"https:\/\/andradefontaneria.es\/index.php\/wp-json\/wp\/v2\/users\/1"}],"replies":[{"embeddable":true,"href":"https:\/\/andradefontaneria.es\/index.php\/wp-json\/wp\/v2\/comments?post=370"}],"version-history":[{"count":10,"href":"https:\/\/andradefontaneria.es\/index.php\/wp-json\/wp\/v2\/pages\/370\/revisions"}],"predecessor-version":[{"id":380,"href":"https:\/\/andradefontaneria.es\/index.php\/wp-json\/wp\/v2\/pages\/370\/revisions\/380"}],"wp:attachment":[{"href":"https:\/\/andradefontaneria.es\/index.php\/wp-json\/wp\/v2\/media?parent=370"}],"curies":[{"name":"wp","href":"https:\/\/api.w.org\/{rel}","templated":true}]}}